{"id":175,"date":"2017-10-21T15:51:28","date_gmt":"2017-10-21T13:51:28","guid":{"rendered":"http:\/\/emsdig.de\/?page_id=175"},"modified":"2019-01-31T21:58:57","modified_gmt":"2019-01-31T20:58:57","slug":"zertifizierung","status":"publish","type":"page","link":"https:\/\/emsdig.de\/?page_id=175","title":{"rendered":"Zertifizierung"},"content":{"rendered":"<h2><strong>Emsdig.de ist zertifiziert f\u00fcr<\/strong><\/h2>\n<ul>\n<li>Rauchwarnmelder nach DIN 14676 (T\u00dcV)<\/li>\n<li>Homematic IP<\/li>\n<li>Homematic IP Wired<\/li>\n<li>DigitalSTROM (Teil 1, 2 und 3)<\/li>\n<li>KNX (knx.org \/ Partner)<\/li>\n<li>Handwerksbetrieb seit 2012 in der Handwerkskammer Stuttgart<\/li>\n<\/ul>\n<p><a href=\"http:\/\/emsdig.de\/wp-content\/uploads\/2019\/01\/2018_homematic_ip_teil1.jpg\"><img loading=\"lazy\" decoding=\"async\" class=\"size-thumbnail wp-image-689 alignleft\" src=\"http:\/\/emsdig.de\/wp-content\/uploads\/2019\/01\/2018_homematic_ip_teil1-150x150.jpg\" alt=\"\" width=\"150\" height=\"150\" \/><\/a><a href=\"http:\/\/emsdig.de\/wp-content\/uploads\/2019\/01\/2018_homematic_ip_teil2.jpg\"><img loading=\"lazy\" decoding=\"async\" class=\"size-thumbnail wp-image-690 alignleft\" src=\"http:\/\/emsdig.de\/wp-content\/uploads\/2019\/01\/2018_homematic_ip_teil2-150x150.jpg\" alt=\"\" width=\"150\" height=\"150\" \/><\/a><\/p>\n<h2><strong>Regelm\u00e4ssige Schulungen<\/strong><\/h2>\n<ul>\n<li>Normenupdate f\u00fcr den Elektrofachplaner<\/li>\n<li>Planungssoftware hagercad &amp; ePlan<\/li>\n<li>Verteilersysteme bis 630A nach EN61439-1-2-3<\/li>\n<li>Messen an Stromerzeugern<\/li>\n<li>Messen &amp; Pr\u00fcfen an Anlagen, Maschinen und Ger\u00e4te (VDE 0100-600 \/ 0701\/0702 \/ EN60204-1)<\/li>\n<\/ul>\n","protected":false},"excerpt":{"rendered":"<p>Emsdig.de ist zertifiziert f\u00fcr Rauchwarnmelder nach DIN 14676 (T\u00dcV) Homematic IP Homematic IP Wired DigitalSTROM (Teil 1, 2 und 3) KNX (knx.org \/ Partner) Handwerksbetrieb seit 2012 in der Handwerkskammer Stuttgart Regelm\u00e4ssige Schulungen Normenupdate f\u00fcr den Elektrofachplaner Planungssoftware hagercad &amp; ePlan Verteilersysteme bis 630A nach EN61439-1-2-3 Messen an Stromerzeugern Messen &amp; Pr\u00fcfen an Anlagen, Maschinen &hellip; <a href=\"https:\/\/emsdig.de\/?page_id=175\" class=\"more-link\"><span class=\"screen-reader-text\">\u201eZertifizierung\u201c<\/span> weiterlesen<\/a><\/p>\n","protected":false},"author":1,"featured_media":0,"parent":108,"menu_order":0,"comment_status":"closed","ping_status":"closed","template":"","meta":{"footnotes":""},"yoast_head":"<!-- This site is optimized with the Yoast SEO plugin v21.8 - https:\/\/yoast.com\/wordpress\/plugins\/seo\/ -->\n<title>Im Handwerk zertifiziert - EMSdig.de - Elektrotechnik digital<\/title>\n<meta name=\"description\" content=\"Zertifizierter Fachbetrieb f\u00fcr digitalSTROM, Fachkraft f\u00fcr Rauchwarnmelder nach DIN 14676 und elektrische Pr\u00fcfungen und Begutachtungen nach DGUV-V3\" \/>\n<meta name=\"robots\" content=\"index, follow, max-snippet:-1, max-image-preview:large, max-video-preview:-1\" \/>\n<link rel=\"canonical\" href=\"https:\/\/emsdig.de\/?page_id=175\" \/>\n<meta property=\"og:locale\" content=\"de_DE\" \/>\n<meta property=\"og:type\" content=\"article\" \/>\n<meta property=\"og:title\" content=\"Im Handwerk zertifiziert - EMSdig.de - Elektrotechnik digital\" \/>\n<meta property=\"og:description\" content=\"Zertifizierter Fachbetrieb f\u00fcr digitalSTROM, Fachkraft f\u00fcr Rauchwarnmelder nach DIN 14676 und elektrische Pr\u00fcfungen und Begutachtungen nach DGUV-V3\" \/>\n<meta property=\"og:url\" content=\"https:\/\/emsdig.de\/?page_id=175\" \/>\n<meta property=\"og:site_name\" content=\"EMSdig.de - Elektrotechnik digital\" \/>\n<meta property=\"article:modified_time\" content=\"2019-01-31T20:58:57+00:00\" \/>\n<meta property=\"og:image\" content=\"http:\/\/emsdig.de\/wp-content\/uploads\/2019\/01\/2018_homematic_ip_teil1-150x150.jpg\" \/>\n<meta name=\"twitter:card\" content=\"summary_large_image\" \/>\n<script type=\"application\/ld+json\" class=\"yoast-schema-graph\">{\"@context\":\"https:\/\/schema.org\",\"@graph\":[{\"@type\":\"WebPage\",\"@id\":\"https:\/\/emsdig.de\/?page_id=175\",\"url\":\"https:\/\/emsdig.de\/?page_id=175\",\"name\":\"Im Handwerk zertifiziert - EMSdig.de - Elektrotechnik digital\",\"isPartOf\":{\"@id\":\"https:\/\/emsdig.de\/#website\"},\"datePublished\":\"2017-10-21T13:51:28+00:00\",\"dateModified\":\"2019-01-31T20:58:57+00:00\",\"description\":\"Zertifizierter Fachbetrieb f\u00fcr digitalSTROM, Fachkraft f\u00fcr Rauchwarnmelder nach DIN 14676 und elektrische Pr\u00fcfungen und Begutachtungen nach DGUV-V3\",\"breadcrumb\":{\"@id\":\"https:\/\/emsdig.de\/?page_id=175#breadcrumb\"},\"inLanguage\":\"de\",\"potentialAction\":[{\"@type\":\"ReadAction\",\"target\":[\"https:\/\/emsdig.de\/?page_id=175\"]}]},{\"@type\":\"BreadcrumbList\",\"@id\":\"https:\/\/emsdig.de\/?page_id=175#breadcrumb\",\"itemListElement\":[{\"@type\":\"ListItem\",\"position\":1,\"name\":\"Startseite\",\"item\":\"https:\/\/emsdig.de\/\"},{\"@type\":\"ListItem\",\"position\":2,\"name\":\"Wir \u00fcber uns\",\"item\":\"https:\/\/emsdig.de\/?page_id=108\"},{\"@type\":\"ListItem\",\"position\":3,\"name\":\"Zertifizierung\"}]},{\"@type\":\"WebSite\",\"@id\":\"https:\/\/emsdig.de\/#website\",\"url\":\"https:\/\/emsdig.de\/\",\"name\":\"EMSdig.de - Elektrotechnik digital\",\"description\":\"Ihr Elektroniker f\u00fcr Geb\u00e4ude- &amp; Energietechnik\",\"publisher\":{\"@id\":\"https:\/\/emsdig.de\/#organization\"},\"potentialAction\":[{\"@type\":\"SearchAction\",\"target\":{\"@type\":\"EntryPoint\",\"urlTemplate\":\"https:\/\/emsdig.de\/?s={search_term_string}\"},\"query-input\":\"required name=search_term_string\"}],\"inLanguage\":\"de\"},{\"@type\":\"Organization\",\"@id\":\"https:\/\/emsdig.de\/#organization\",\"name\":\"EMSdig.de\",\"url\":\"https:\/\/emsdig.de\/\",\"logo\":{\"@type\":\"ImageObject\",\"inLanguage\":\"de\",\"@id\":\"https:\/\/emsdig.de\/#\/schema\/logo\/image\/\",\"url\":\"http:\/\/emsdig.de\/wp-content\/uploads\/2017\/10\/emsdig_de_elektrotechnik_digital.png\",\"contentUrl\":\"http:\/\/emsdig.de\/wp-content\/uploads\/2017\/10\/emsdig_de_elektrotechnik_digital.png\",\"width\":553,\"height\":210,\"caption\":\"EMSdig.de\"},\"image\":{\"@id\":\"https:\/\/emsdig.de\/#\/schema\/logo\/image\/\"},\"sameAs\":[\"https:\/\/www.youtube.com\/channel\/UCsKAYMIXb24h329db-49Z4Q\"]}]}<\/script>\n<!-- \/ Yoast SEO plugin. -->","yoast_head_json":{"title":"Im Handwerk zertifiziert - EMSdig.de - Elektrotechnik digital","description":"Zertifizierter Fachbetrieb f\u00fcr digitalSTROM, Fachkraft f\u00fcr Rauchwarnmelder nach DIN 14676 und elektrische Pr\u00fcfungen und Begutachtungen nach DGUV-V3","robots":{"index":"index","follow":"follow","max-snippet":"max-snippet:-1","max-image-preview":"max-image-preview:large","max-video-preview":"max-video-preview:-1"},"canonical":"https:\/\/emsdig.de\/?page_id=175","og_locale":"de_DE","og_type":"article","og_title":"Im Handwerk zertifiziert - EMSdig.de - Elektrotechnik digital","og_description":"Zertifizierter Fachbetrieb f\u00fcr digitalSTROM, Fachkraft f\u00fcr Rauchwarnmelder nach DIN 14676 und elektrische Pr\u00fcfungen und Begutachtungen nach DGUV-V3","og_url":"https:\/\/emsdig.de\/?page_id=175","og_site_name":"EMSdig.de - Elektrotechnik digital","article_modified_time":"2019-01-31T20:58:57+00:00","og_image":[{"url":"http:\/\/emsdig.de\/wp-content\/uploads\/2019\/01\/2018_homematic_ip_teil1-150x150.jpg"}],"twitter_card":"summary_large_image","schema":{"@context":"https:\/\/schema.org","@graph":[{"@type":"WebPage","@id":"https:\/\/emsdig.de\/?page_id=175","url":"https:\/\/emsdig.de\/?page_id=175","name":"Im Handwerk zertifiziert - EMSdig.de - Elektrotechnik digital","isPartOf":{"@id":"https:\/\/emsdig.de\/#website"},"datePublished":"2017-10-21T13:51:28+00:00","dateModified":"2019-01-31T20:58:57+00:00","description":"Zertifizierter Fachbetrieb f\u00fcr digitalSTROM, Fachkraft f\u00fcr Rauchwarnmelder nach DIN 14676 und elektrische Pr\u00fcfungen und Begutachtungen nach DGUV-V3","breadcrumb":{"@id":"https:\/\/emsdig.de\/?page_id=175#breadcrumb"},"inLanguage":"de","potentialAction":[{"@type":"ReadAction","target":["https:\/\/emsdig.de\/?page_id=175"]}]},{"@type":"BreadcrumbList","@id":"https:\/\/emsdig.de\/?page_id=175#breadcrumb","itemListElement":[{"@type":"ListItem","position":1,"name":"Startseite","item":"https:\/\/emsdig.de\/"},{"@type":"ListItem","position":2,"name":"Wir \u00fcber uns","item":"https:\/\/emsdig.de\/?page_id=108"},{"@type":"ListItem","position":3,"name":"Zertifizierung"}]},{"@type":"WebSite","@id":"https:\/\/emsdig.de\/#website","url":"https:\/\/emsdig.de\/","name":"EMSdig.de - Elektrotechnik digital","description":"Ihr Elektroniker f\u00fcr Geb\u00e4ude- &amp; Energietechnik","publisher":{"@id":"https:\/\/emsdig.de\/#organization"},"potentialAction":[{"@type":"SearchAction","target":{"@type":"EntryPoint","urlTemplate":"https:\/\/emsdig.de\/?s={search_term_string}"},"query-input":"required name=search_term_string"}],"inLanguage":"de"},{"@type":"Organization","@id":"https:\/\/emsdig.de\/#organization","name":"EMSdig.de","url":"https:\/\/emsdig.de\/","logo":{"@type":"ImageObject","inLanguage":"de","@id":"https:\/\/emsdig.de\/#\/schema\/logo\/image\/","url":"http:\/\/emsdig.de\/wp-content\/uploads\/2017\/10\/emsdig_de_elektrotechnik_digital.png","contentUrl":"http:\/\/emsdig.de\/wp-content\/uploads\/2017\/10\/emsdig_de_elektrotechnik_digital.png","width":553,"height":210,"caption":"EMSdig.de"},"image":{"@id":"https:\/\/emsdig.de\/#\/schema\/logo\/image\/"},"sameAs":["https:\/\/www.youtube.com\/channel\/UCsKAYMIXb24h329db-49Z4Q"]}]}},"_links":{"self":[{"href":"https:\/\/emsdig.de\/index.php?rest_route=\/wp\/v2\/pages\/175"}],"collection":[{"href":"https:\/\/emsdig.de\/index.php?rest_route=\/wp\/v2\/pages"}],"about":[{"href":"https:\/\/emsdig.de\/index.php?rest_route=\/wp\/v2\/types\/page"}],"author":[{"embeddable":true,"href":"https:\/\/emsdig.de\/index.php?rest_route=\/wp\/v2\/users\/1"}],"replies":[{"embeddable":true,"href":"https:\/\/emsdig.de\/index.php?rest_route=%2Fwp%2Fv2%2Fcomments&post=175"}],"version-history":[{"count":4,"href":"https:\/\/emsdig.de\/index.php?rest_route=\/wp\/v2\/pages\/175\/revisions"}],"predecessor-version":[{"id":692,"href":"https:\/\/emsdig.de\/index.php?rest_route=\/wp\/v2\/pages\/175\/revisions\/692"}],"up":[{"embeddable":true,"href":"https:\/\/emsdig.de\/index.php?rest_route=\/wp\/v2\/pages\/108"}],"wp:attachment":[{"href":"https:\/\/emsdig.de\/index.php?rest_route=%2Fwp%2Fv2%2Fmedia&parent=175"}],"curies":[{"name":"wp","href":"https:\/\/api.w.org\/{rel}","templated":true}]}}