{"id":46,"date":"2017-10-05T12:24:32","date_gmt":"2017-10-05T12:24:32","guid":{"rendered":"http:\/\/emsdig.de\/?page_id=46"},"modified":"2017-11-07T00:55:17","modified_gmt":"2017-11-06T22:55:17","slug":"impressum","status":"publish","type":"page","link":"https:\/\/emsdig.de\/?page_id=46","title":{"rendered":"Impressum"},"content":{"rendered":"<p>Mark Sroka<br \/>\nLustenauer Weg 19<br \/>\n71522 Backnang<\/p>\n<p>Homepage: www.emsdig.de<br \/>\nE-Maill: mark@emsdig.de<\/p>\n<h2><strong>Haftungsausschluss<\/strong><\/h2>\n<h6>Haftung f\u00fcr Inhalte<\/h6>\n<p>Die Inhalte unserer Seiten wurden mit gr\u00f6\u00dfter Sorgfalt erstellt. F\u00fcr die Richtigkeit, Vollst\u00e4ndigkeit und Aktualit\u00e4t der Inhalte k\u00f6nnen wir jedoch keine Gew\u00e4hr \u00fcbernehmen. Als Diensteanbieter sind wir gem\u00e4\u00df \u00a7 7 Abs.1 TMG f\u00fcr eigene Inhalte auf diesen Seiten nach den allgemeinen Gesetzen verantwortlich. Nach \u00a7\u00a7 8 bis 10 TMG sind wir als Diensteanbieter jedoch nicht verpflichtet, \u00fcbermittelte oder gespeicherte fremde Informationen zu \u00fcberwachen oder nach Umst\u00e4nden zu forschen, die auf eine rechtswidrige T\u00e4tigkeit hinweisen. Verpflichtungen zur Entfernung oder Sperrung der Nutzung von Informationen nach den allgemeinen Gesetzen bleiben hiervon unber\u00fchrt. Eine diesbez\u00fcgliche Haftung ist jedoch erst ab dem Zeitpunkt der Kenntnis einer konkreten Rechtsverletzung m\u00f6glich. Bei Bekanntwerden von entsprechenden Rechtsverletzungen werden wir diese Inhalte umgehend entfernen.<\/p>\n<h6>Haftung f\u00fcr Links<\/h6>\n<p>Unser Angebot enth\u00e4lt Links zu externen Webseiten Dritter, auf deren Inhalte wir keinen Einfluss haben. Deshalb k\u00f6nnen wir f\u00fcr diese fremden Inhalte auch keine Gew\u00e4hr \u00fcbernehmen. F\u00fcr die Inhalte der verlinkten Seiten ist stets der jeweilige Anbieter oder Betreiber der Seiten verantwortlich. Die verlinkten Seiten wurden zum Zeitpunkt der Verlinkung auf m\u00f6gliche Rechtsverst\u00f6\u00dfe \u00fcberpr\u00fcft. Rechtswidrige Inhalte waren zum Zeitpunkt der Verlinkung nicht erkennbar. Eine permanente inhaltliche Kontrolle der verlinkten Seiten ist jedoch ohne konkrete Anhaltspunkte einer Rechtsverletzung nicht zumutbar. Bei Bekanntwerden von Rechtsverletzungen werden wir derartige Links umgehend entfernen.<\/p>\n<h6>Urheberrecht<\/h6>\n<p>Die durch die Seitenbetreiber erstellten Inhalte und Werke auf diesen Seiten unterliegen dem deutschen Urheberrecht. Die Vervielf\u00e4ltigung, Bearbeitung, Verbreitung und jede Art der Verwertung au\u00dferhalb der Grenzen des Urheberrechtes bed\u00fcrfen der schriftlichen Zustimmung des jeweiligen Autors bzw. Erstellers. Downloads und Kopien dieser Seite sind nur f\u00fcr den privaten, nicht kommerziellen Gebrauch gestattet. Soweit die Inhalte auf dieser Seite nicht vom Betreiber erstellt wurden, werden die Urheberrechte Dritter beachtet. Insbesondere werden Inhalte Dritter als solche gekennzeichnet. Sollten Sie trotzdem auf eine Urheberrechtsverletzung aufmerksam werden, bitten wir um einen entsprechenden Hinweis. Bei Bekanntwerden von Rechtsverletzungen werden wir derartige Inhalte umgehend entfernen.<\/p>\n<h6>Datenschutz<\/h6>\n<p>Die Nutzung unserer Webseite ist in der Regel ohne Angabe personenbezogener Daten m\u00f6glich. Soweit auf unseren Seiten personenbezogene Daten (beispielsweise Name, Anschrift oder eMail-Adressen) erhoben werden, erfolgt dies, soweit m\u00f6glich, stets auf freiwilliger Basis. Diese Daten werden ohne Ihre ausdr\u00fcckliche Zustimmung nicht an Dritte weitergegeben.<\/p>\n<p>Wir weisen darauf hin, dass die Daten\u00fcbertragung im Internet (z.B. bei der Kommunikation per E-Mail) Sicherheitsl\u00fccken aufweisen kann. Ein l\u00fcckenloser Schutz der Daten vor dem Zugriff durch Dritte ist nicht m\u00f6glich.<\/p>\n<p>Der Nutzung von im Rahmen der Impressumspflicht ver\u00f6ffentlichten Kontaktdaten durch Dritte zur \u00dcbersendung von nicht ausdr\u00fccklich angeforderter Werbung und Informationsmaterialien wird hiermit ausdr\u00fccklich widersprochen. Die Betreiber der Seiten behalten sich ausdr\u00fccklich rechtliche Schritte im Falle der unverlangten Zusendung von Werbeinformationen, etwa durch Spam-Mails, vor.<\/p>\n","protected":false},"excerpt":{"rendered":"<p>Mark Sroka Lustenauer Weg 19 71522 Backnang Homepage: www.emsdig.de E-Maill: mark@emsdig.de Haftungsausschluss Haftung f\u00fcr Inhalte Die Inhalte unserer Seiten wurden mit gr\u00f6\u00dfter Sorgfalt erstellt. F\u00fcr die Richtigkeit, Vollst\u00e4ndigkeit und Aktualit\u00e4t der Inhalte k\u00f6nnen wir jedoch keine Gew\u00e4hr \u00fcbernehmen. Als Diensteanbieter sind wir gem\u00e4\u00df \u00a7 7 Abs.1 TMG f\u00fcr eigene Inhalte auf diesen Seiten nach den &hellip; <a href=\"https:\/\/emsdig.de\/?page_id=46\" class=\"more-link\"><span class=\"screen-reader-text\">\u201eImpressum\u201c<\/span> weiterlesen<\/a><\/p>\n","protected":false},"author":1,"featured_media":0,"parent":0,"menu_order":0,"comment_status":"closed","ping_status":"closed","template":"","meta":{"footnotes":""},"yoast_head":"<!-- This site is optimized with the Yoast SEO plugin v21.8 - https:\/\/yoast.com\/wordpress\/plugins\/seo\/ -->\n<title>Impressum - EMSdig.de - Elektrotechnik digital<\/title>\n<meta name=\"robots\" content=\"index, follow, max-snippet:-1, max-image-preview:large, max-video-preview:-1\" \/>\n<link rel=\"canonical\" href=\"https:\/\/emsdig.de\/?page_id=46\" \/>\n<meta property=\"og:locale\" content=\"de_DE\" \/>\n<meta property=\"og:type\" content=\"article\" \/>\n<meta property=\"og:title\" content=\"Impressum - EMSdig.de - Elektrotechnik digital\" \/>\n<meta property=\"og:description\" content=\"Mark Sroka Lustenauer Weg 19 71522 Backnang Homepage: www.emsdig.de E-Maill: mark@emsdig.de Haftungsausschluss Haftung f\u00fcr Inhalte Die Inhalte unserer Seiten wurden mit gr\u00f6\u00dfter Sorgfalt erstellt. F\u00fcr die Richtigkeit, Vollst\u00e4ndigkeit und Aktualit\u00e4t der Inhalte k\u00f6nnen wir jedoch keine Gew\u00e4hr \u00fcbernehmen. Als Diensteanbieter sind wir gem\u00e4\u00df \u00a7 7 Abs.1 TMG f\u00fcr eigene Inhalte auf diesen Seiten nach den &hellip; \u201eImpressum\u201c weiterlesen\" \/>\n<meta property=\"og:url\" content=\"https:\/\/emsdig.de\/?page_id=46\" \/>\n<meta property=\"og:site_name\" content=\"EMSdig.de - Elektrotechnik digital\" \/>\n<meta property=\"article:modified_time\" content=\"2017-11-06T22:55:17+00:00\" \/>\n<meta name=\"twitter:card\" content=\"summary_large_image\" \/>\n<meta name=\"twitter:label1\" content=\"Gesch\u00e4tzte Lesezeit\" \/>\n\t<meta name=\"twitter:data1\" content=\"2\u00a0Minuten\" \/>\n<script type=\"application\/ld+json\" class=\"yoast-schema-graph\">{\"@context\":\"https:\/\/schema.org\",\"@graph\":[{\"@type\":\"WebPage\",\"@id\":\"https:\/\/emsdig.de\/?page_id=46\",\"url\":\"https:\/\/emsdig.de\/?page_id=46\",\"name\":\"Impressum - EMSdig.de - Elektrotechnik digital\",\"isPartOf\":{\"@id\":\"https:\/\/emsdig.de\/#website\"},\"datePublished\":\"2017-10-05T12:24:32+00:00\",\"dateModified\":\"2017-11-06T22:55:17+00:00\",\"breadcrumb\":{\"@id\":\"https:\/\/emsdig.de\/?page_id=46#breadcrumb\"},\"inLanguage\":\"de\",\"potentialAction\":[{\"@type\":\"ReadAction\",\"target\":[\"https:\/\/emsdig.de\/?page_id=46\"]}]},{\"@type\":\"BreadcrumbList\",\"@id\":\"https:\/\/emsdig.de\/?page_id=46#breadcrumb\",\"itemListElement\":[{\"@type\":\"ListItem\",\"position\":1,\"name\":\"Startseite\",\"item\":\"https:\/\/emsdig.de\/\"},{\"@type\":\"ListItem\",\"position\":2,\"name\":\"Impressum\"}]},{\"@type\":\"WebSite\",\"@id\":\"https:\/\/emsdig.de\/#website\",\"url\":\"https:\/\/emsdig.de\/\",\"name\":\"EMSdig.de - Elektrotechnik digital\",\"description\":\"Ihr Elektroniker f\u00fcr Geb\u00e4ude- &amp; Energietechnik\",\"publisher\":{\"@id\":\"https:\/\/emsdig.de\/#organization\"},\"potentialAction\":[{\"@type\":\"SearchAction\",\"target\":{\"@type\":\"EntryPoint\",\"urlTemplate\":\"https:\/\/emsdig.de\/?s={search_term_string}\"},\"query-input\":\"required name=search_term_string\"}],\"inLanguage\":\"de\"},{\"@type\":\"Organization\",\"@id\":\"https:\/\/emsdig.de\/#organization\",\"name\":\"EMSdig.de\",\"url\":\"https:\/\/emsdig.de\/\",\"logo\":{\"@type\":\"ImageObject\",\"inLanguage\":\"de\",\"@id\":\"https:\/\/emsdig.de\/#\/schema\/logo\/image\/\",\"url\":\"http:\/\/emsdig.de\/wp-content\/uploads\/2017\/10\/emsdig_de_elektrotechnik_digital.png\",\"contentUrl\":\"http:\/\/emsdig.de\/wp-content\/uploads\/2017\/10\/emsdig_de_elektrotechnik_digital.png\",\"width\":553,\"height\":210,\"caption\":\"EMSdig.de\"},\"image\":{\"@id\":\"https:\/\/emsdig.de\/#\/schema\/logo\/image\/\"},\"sameAs\":[\"https:\/\/www.youtube.com\/channel\/UCsKAYMIXb24h329db-49Z4Q\"]}]}<\/script>\n<!-- \/ Yoast SEO plugin. -->","yoast_head_json":{"title":"Impressum - EMSdig.de - Elektrotechnik digital","robots":{"index":"index","follow":"follow","max-snippet":"max-snippet:-1","max-image-preview":"max-image-preview:large","max-video-preview":"max-video-preview:-1"},"canonical":"https:\/\/emsdig.de\/?page_id=46","og_locale":"de_DE","og_type":"article","og_title":"Impressum - EMSdig.de - Elektrotechnik digital","og_description":"Mark Sroka Lustenauer Weg 19 71522 Backnang Homepage: www.emsdig.de E-Maill: mark@emsdig.de Haftungsausschluss Haftung f\u00fcr Inhalte Die Inhalte unserer Seiten wurden mit gr\u00f6\u00dfter Sorgfalt erstellt. F\u00fcr die Richtigkeit, Vollst\u00e4ndigkeit und Aktualit\u00e4t der Inhalte k\u00f6nnen wir jedoch keine Gew\u00e4hr \u00fcbernehmen. Als Diensteanbieter sind wir gem\u00e4\u00df \u00a7 7 Abs.1 TMG f\u00fcr eigene Inhalte auf diesen Seiten nach den &hellip; \u201eImpressum\u201c weiterlesen","og_url":"https:\/\/emsdig.de\/?page_id=46","og_site_name":"EMSdig.de - Elektrotechnik digital","article_modified_time":"2017-11-06T22:55:17+00:00","twitter_card":"summary_large_image","twitter_misc":{"Gesch\u00e4tzte Lesezeit":"2\u00a0Minuten"},"schema":{"@context":"https:\/\/schema.org","@graph":[{"@type":"WebPage","@id":"https:\/\/emsdig.de\/?page_id=46","url":"https:\/\/emsdig.de\/?page_id=46","name":"Impressum - EMSdig.de - Elektrotechnik digital","isPartOf":{"@id":"https:\/\/emsdig.de\/#website"},"datePublished":"2017-10-05T12:24:32+00:00","dateModified":"2017-11-06T22:55:17+00:00","breadcrumb":{"@id":"https:\/\/emsdig.de\/?page_id=46#breadcrumb"},"inLanguage":"de","potentialAction":[{"@type":"ReadAction","target":["https:\/\/emsdig.de\/?page_id=46"]}]},{"@type":"BreadcrumbList","@id":"https:\/\/emsdig.de\/?page_id=46#breadcrumb","itemListElement":[{"@type":"ListItem","position":1,"name":"Startseite","item":"https:\/\/emsdig.de\/"},{"@type":"ListItem","position":2,"name":"Impressum"}]},{"@type":"WebSite","@id":"https:\/\/emsdig.de\/#website","url":"https:\/\/emsdig.de\/","name":"EMSdig.de - Elektrotechnik digital","description":"Ihr Elektroniker f\u00fcr Geb\u00e4ude- &amp; Energietechnik","publisher":{"@id":"https:\/\/emsdig.de\/#organization"},"potentialAction":[{"@type":"SearchAction","target":{"@type":"EntryPoint","urlTemplate":"https:\/\/emsdig.de\/?s={search_term_string}"},"query-input":"required name=search_term_string"}],"inLanguage":"de"},{"@type":"Organization","@id":"https:\/\/emsdig.de\/#organization","name":"EMSdig.de","url":"https:\/\/emsdig.de\/","logo":{"@type":"ImageObject","inLanguage":"de","@id":"https:\/\/emsdig.de\/#\/schema\/logo\/image\/","url":"http:\/\/emsdig.de\/wp-content\/uploads\/2017\/10\/emsdig_de_elektrotechnik_digital.png","contentUrl":"http:\/\/emsdig.de\/wp-content\/uploads\/2017\/10\/emsdig_de_elektrotechnik_digital.png","width":553,"height":210,"caption":"EMSdig.de"},"image":{"@id":"https:\/\/emsdig.de\/#\/schema\/logo\/image\/"},"sameAs":["https:\/\/www.youtube.com\/channel\/UCsKAYMIXb24h329db-49Z4Q"]}]}},"_links":{"self":[{"href":"https:\/\/emsdig.de\/index.php?rest_route=\/wp\/v2\/pages\/46"}],"collection":[{"href":"https:\/\/emsdig.de\/index.php?rest_route=\/wp\/v2\/pages"}],"about":[{"href":"https:\/\/emsdig.de\/index.php?rest_route=\/wp\/v2\/types\/page"}],"author":[{"embeddable":true,"href":"https:\/\/emsdig.de\/index.php?rest_route=\/wp\/v2\/users\/1"}],"replies":[{"embeddable":true,"href":"https:\/\/emsdig.de\/index.php?rest_route=%2Fwp%2Fv2%2Fcomments&post=46"}],"version-history":[{"count":3,"href":"https:\/\/emsdig.de\/index.php?rest_route=\/wp\/v2\/pages\/46\/revisions"}],"predecessor-version":[{"id":371,"href":"https:\/\/emsdig.de\/index.php?rest_route=\/wp\/v2\/pages\/46\/revisions\/371"}],"wp:attachment":[{"href":"https:\/\/emsdig.de\/index.php?rest_route=%2Fwp%2Fv2%2Fmedia&parent=46"}],"curies":[{"name":"wp","href":"https:\/\/api.w.org\/{rel}","templated":true}]}}