{"id":6510,"date":"2021-05-14T21:02:40","date_gmt":"2021-05-14T20:02:40","guid":{"rendered":"http:\/\/emsdig.de\/?page_id=6510"},"modified":"2021-09-09T10:44:00","modified_gmt":"2021-09-09T09:44:00","slug":"hager-befestigungsadapter-fuer-wago","status":"publish","type":"page","link":"https:\/\/emsdig.de\/?page_id=6510","title":{"rendered":"Hager Befestigungsadapter f\u00fcr WAGO"},"content":{"rendered":"\n<figure class=\"wp-block-embed is-type-video is-provider-youtube wp-block-embed-youtube wp-embed-aspect-16-9 wp-has-aspect-ratio\"><div class=\"wp-block-embed__wrapper\">\n<iframe loading=\"lazy\" hcb-fetch-image-from=\"https:\/\/www.youtube.com\/watch?v=yW2IsIUcJ00&amp;t=45s\" title=\"Hager Befestigungsadapter f\u00fcr WAGO\" width=\"840\" height=\"473\" src=\"https:\/\/www.youtube.com\/embed\/yW2IsIUcJ00?start=45&#038;feature=oembed\" frameborder=\"0\" allow=\"accelerometer; autoplay; clipboard-write; encrypted-media; gyroscope; picture-in-picture\" allowfullscreen><\/iframe>\n<\/div><\/figure>\n\n\n\n<h2 class=\"wp-block-heading\">unsere Adaptertypen<\/h2>\n\n\n\n<h3 class=\"wp-block-heading\"><strong>Der Adapter <\/strong><span style=\"color:#f46607\" class=\"has-inline-color\">QCW1<\/span> <strong>hat folgende Eigenschaften:<\/strong><\/h3>\n\n\n\n<ul><li>Klemmt eine 5-Leiter-Klemme von Wago 221-415 von 0,14 bis 4qmm<\/li><li>Frontbeschriftungsfeld f\u00fcr 6mm Band<\/li><li>Klemmenbeschriftungsfeld f\u00fcr 6mm Band<\/li><li>Breite 15mm<\/li><li>2 Adapter besitzen den gleichen Platzbedarf wie eine Hager KN06N<\/li><li>Material PLA \/ Wei\u00df<\/li><\/ul>\n\n\n\n<p><strong>Lieferumfang:<\/strong><\/p>\n\n\n\n<ul><li><strong>3 St\u00fcck, Adapter QCW1, unbeschriftet<\/strong><\/li><li><strong>3 St\u00fcck, Wago 221-415 von 0,14 bis 4qmm<\/strong>&nbsp;<\/li><\/ul>\n\n\n\n<h3 class=\"wp-block-heading\"><strong>Der Adapter <\/strong><span class=\"has-inline-color has-bright-blue-color\">QCW2<\/span><strong> hat folgende Eigenschaften:<\/strong><\/h3>\n\n\n\n<ul><li><strong>Klemmt bis zu 14 Adern pro QCW2 mit den Wago 2273-202 , 2273-203 , 2273-204 und 2273-205<\/strong><\/li><li>11 Best\u00fcckungsvarianten Wago Reihe 2273-XXX von 0,5 bis 2,5qmm&nbsp;<\/li><li>Frontbeschriftungsfeld f\u00fcr 6mm Band<\/li><li>Breite 15mm<\/li><li>2 Adapter besitzen den gleichen Platzbedarf wie eine Hager KN06N<\/li><li><strong>2 Adapter k\u00f6nnen bis zu 28 Adern geklemmt werden (Hager KN06N nur 6 Adern)<\/strong><\/li><li>Material PLA \/ Wei\u00df<\/li><\/ul>\n\n\n\n<p><strong>Lieferumfang:<\/strong><strong><\/strong><\/p>\n\n\n\n<ul><li><strong>3 St\u00fcck, Adapter QCW2, unbeschriftet<\/strong><\/li><li><strong>Lieferung ohne Wagoklemmen !<\/strong><\/li><\/ul>\n\n\n\n<h3 class=\"wp-block-heading\"><strong>Der Adapter <\/strong><span class=\"has-inline-color has-medium-gray-color\">QCW3<\/span><strong> hat folgende Eigenschaften:<\/strong><\/h3>\n\n\n\n<ul><li><strong>Klemmt bis zu 32 Adern pro QCW3 mit der Wago 2273-208<\/strong><\/li><li>2 Best\u00fcckungsvarianten Wago Reihe 2273-208 von 0,5 bis 2,5qmm&nbsp;<\/li><li>Frontbeschriftungsfeld f\u00fcr 6mm Band<\/li><li>Breite 15mm<\/li><li>2 Adapter besitzen den gleichen Platzbedarf wie eine Hager KN06N<\/li><li><strong>2 Adapter k\u00f6nnen bis zu 64 Adern geklemmt werden (Hager KN06N nur 6 Adern)<\/strong><\/li><li>Material PLA \/ Wei\u00df<\/li><\/ul>\n\n\n\n<p><strong>Lieferumfang:<\/strong><\/p>\n\n\n\n<ul><li><strong>3 St\u00fcck, Adapter QCW3, unbeschriftet<\/strong><\/li><li><strong>Lieferung ohne Wagoklemmen !<\/strong><\/li><\/ul>\n\n\n\n<h3 class=\"wp-block-heading\"><strong>Der Adapter <\/strong><span class=\"has-inline-color has-bright-red-color\">QCW4<\/span><strong> hat folgende Eigenschaften:<\/strong><\/h3>\n\n\n\n<ul><li>Klemmt bis zu 24 Adern pro QCW4<\/li><li>7 Best\u00fcckungsvarianten Wago Reihe 243-X04 bis 243-X08 von 0,6 bis 0,8 qmm (AWG 19)<\/li><li>Frontbeschriftungsfeld f\u00fcr 6mm Band<\/li><li>Breite 15mm<\/li><li>2 Adapter besitzen den gleichen Platzbedarf wie eine Hager KN06N<\/li><\/ul>\n\n\n\n<div class=\"wp-block-image\"><figure class=\"aligncenter size-large\"><a href=\"https:\/\/emsdig.de\/wp-content\/uploads\/2021\/09\/qcw4_Busklemmen-Befestigungsadapter_Hager_Wago.png\"><img loading=\"lazy\" decoding=\"async\" width=\"782\" height=\"639\" src=\"http:\/\/emsdig.de\/wp-content\/uploads\/2021\/09\/qcw4_Busklemmen-Befestigungsadapter_Hager_Wago.png\" alt=\"QCW4 - Busklemmen-Befestigungsadapter f\u00fcr Hager Verteiler (Wago)\" class=\"wp-image-6542\" srcset=\"https:\/\/emsdig.de\/wp-content\/uploads\/2021\/09\/qcw4_Busklemmen-Befestigungsadapter_Hager_Wago.png 782w, https:\/\/emsdig.de\/wp-content\/uploads\/2021\/09\/qcw4_Busklemmen-Befestigungsadapter_Hager_Wago-300x245.png 300w, https:\/\/emsdig.de\/wp-content\/uploads\/2021\/09\/qcw4_Busklemmen-Befestigungsadapter_Hager_Wago-768x628.png 768w\" sizes=\"(max-width: 782px) 85vw, 782px\" \/><\/a><figcaption>QCW4 &#8211; Busklemmen-Befestigungsadapter f\u00fcr Hager Verteiler (Wago)<\/figcaption><\/figure><\/div>\n\n\n\n<p><strong>Lieferumfang:<\/strong><\/p>\n\n\n\n<ul><li>3 St\u00fcck, Adapter QCW4, unbeschriftet<\/li><li><strong>je QCW4 inklusive 4 St\u00fcck, Wago 243-X04 (Rot\/Schwarz\/Gelb\/Wei\u00df) von 0,6 bis 0,8qmm<\/strong><\/li><\/ul>\n\n\n\n<h2 class=\"wp-block-heading\">wo kann ich diese Adapter kaufen ?<\/h2>\n\n\n\n<ol><li><a href=\"https:\/\/www.ebay.de\/sch\/i.html?_from=R40&amp;_trksid=p2380057.m570.l1313&amp;_nkw=qcw&amp;_sacat=0\">im ebay unter dem Suchbegriff: qcw<\/a><\/li><li>ab 20 St\u00fcck bitte direkt unter <a href=\"http:\/\/emsdig.de\/?page_id=52\">Kontakt<\/a> oder per Mail an <a href=\"mailto:mark@emsdig.de\">mark@emsdig.de<\/a><\/li><\/ol>\n\n\n\n<h2 class=\"wp-block-heading\">Unsere Adapter sind g<strong>eeignet f\u00fcr<\/strong><\/h2>\n\n\n\n<ul><li>Kleinverteiler von Hager volta&nbsp;VU60NC, VU48NC, VU36NC, VU24NC, VH12NC. VH60NC, VH48NC, VH36NC, VH24NC, VH12NC, usw.<\/li><li>KN00A &#8211; Klemmentr\u00e4ger, QC, Universaladapter<\/li><li>VZ711, VZ722, VZ723, VZ724 &#8211; Klemmentr\u00e4ger, volta \/ vector<\/li><\/ul>\n\n\n\n<ul><li>Noch nicht validiert f\u00fcr (\u00dcber eine R\u00fcckmeldung w\u00fcrde ich mich freuen):<\/li><\/ul>\n\n\n\n<ul><li>GZ30A, GZ40A &#8211; Klemmentr\u00e4ger carrier, gamma<\/li><li>&nbsp;VZ710 &#8211; Klemmentr\u00e4ger, golf, VB FD<\/li><li>UZ00K1 &#8211; Etagenadapter, univers Z<\/li><li>UZ00K2 &#8211;&nbsp;Etagenadapter, univers Z<\/li><\/ul>\n","protected":false},"excerpt":{"rendered":"<p>unsere Adaptertypen Der Adapter QCW1 hat folgende Eigenschaften: Klemmt eine 5-Leiter-Klemme von Wago 221-415 von 0,14 bis 4qmm Frontbeschriftungsfeld f\u00fcr 6mm Band Klemmenbeschriftungsfeld f\u00fcr 6mm Band Breite 15mm 2 Adapter besitzen den gleichen Platzbedarf wie eine Hager KN06N Material PLA \/ Wei\u00df Lieferumfang: 3 St\u00fcck, Adapter QCW1, unbeschriftet 3 St\u00fcck, Wago 221-415 von 0,14 bis &hellip; <a href=\"https:\/\/emsdig.de\/?page_id=6510\" class=\"more-link\"><span class=\"screen-reader-text\">\u201eHager Befestigungsadapter f\u00fcr WAGO\u201c<\/span> weiterlesen<\/a><\/p>\n","protected":false},"author":1,"featured_media":0,"parent":0,"menu_order":0,"comment_status":"closed","ping_status":"closed","template":"","meta":{"footnotes":""},"yoast_head":"<!-- This site is optimized with the Yoast SEO plugin v21.8 - https:\/\/yoast.com\/wordpress\/plugins\/seo\/ -->\n<title>Hager Befestigungsadapter f\u00fcr WAGO - EMSdig.de - Elektrotechnik digital<\/title>\n<meta name=\"description\" content=\"Hager Befestigungsadapter f\u00fcr WAGO Klemmen QCW1 f\u00fcr 221-202 221-203 221-205, QCW2 f\u00fcr Wago 2273-202,2273-203, 2273-204 und 2273-205\" \/>\n<meta name=\"robots\" content=\"index, follow, max-snippet:-1, max-image-preview:large, max-video-preview:-1\" \/>\n<link rel=\"canonical\" href=\"https:\/\/emsdig.de\/?page_id=6510\" \/>\n<meta property=\"og:locale\" content=\"de_DE\" \/>\n<meta property=\"og:type\" content=\"article\" \/>\n<meta property=\"og:title\" content=\"Hager Befestigungsadapter f\u00fcr WAGO - EMSdig.de - Elektrotechnik digital\" \/>\n<meta property=\"og:description\" content=\"Hager Befestigungsadapter f\u00fcr WAGO Klemmen QCW1 f\u00fcr 221-202 221-203 221-205, QCW2 f\u00fcr Wago 2273-202,2273-203, 2273-204 und 2273-205\" \/>\n<meta property=\"og:url\" content=\"https:\/\/emsdig.de\/?page_id=6510\" \/>\n<meta property=\"og:site_name\" content=\"EMSdig.de - Elektrotechnik digital\" \/>\n<meta property=\"article:modified_time\" content=\"2021-09-09T09:44:00+00:00\" \/>\n<meta property=\"og:image\" content=\"http:\/\/emsdig.de\/wp-content\/uploads\/2021\/09\/qcw4_Busklemmen-Befestigungsadapter_Hager_Wago.png\" \/>\n<meta name=\"twitter:card\" content=\"summary_large_image\" \/>\n<meta name=\"twitter:label1\" content=\"Gesch\u00e4tzte Lesezeit\" \/>\n\t<meta name=\"twitter:data1\" content=\"2\u00a0Minuten\" \/>\n<script type=\"application\/ld+json\" class=\"yoast-schema-graph\">{\"@context\":\"https:\/\/schema.org\",\"@graph\":[{\"@type\":\"WebPage\",\"@id\":\"https:\/\/emsdig.de\/?page_id=6510\",\"url\":\"https:\/\/emsdig.de\/?page_id=6510\",\"name\":\"Hager Befestigungsadapter f\u00fcr WAGO - EMSdig.de - Elektrotechnik digital\",\"isPartOf\":{\"@id\":\"https:\/\/emsdig.de\/#website\"},\"datePublished\":\"2021-05-14T20:02:40+00:00\",\"dateModified\":\"2021-09-09T09:44:00+00:00\",\"description\":\"Hager Befestigungsadapter f\u00fcr WAGO Klemmen QCW1 f\u00fcr 221-202 221-203 221-205, QCW2 f\u00fcr Wago 2273-202,2273-203, 2273-204 und 2273-205\",\"breadcrumb\":{\"@id\":\"https:\/\/emsdig.de\/?page_id=6510#breadcrumb\"},\"inLanguage\":\"de\",\"potentialAction\":[{\"@type\":\"ReadAction\",\"target\":[\"https:\/\/emsdig.de\/?page_id=6510\"]}]},{\"@type\":\"BreadcrumbList\",\"@id\":\"https:\/\/emsdig.de\/?page_id=6510#breadcrumb\",\"itemListElement\":[{\"@type\":\"ListItem\",\"position\":1,\"name\":\"Startseite\",\"item\":\"https:\/\/emsdig.de\/\"},{\"@type\":\"ListItem\",\"position\":2,\"name\":\"Hager Befestigungsadapter f\u00fcr WAGO\"}]},{\"@type\":\"WebSite\",\"@id\":\"https:\/\/emsdig.de\/#website\",\"url\":\"https:\/\/emsdig.de\/\",\"name\":\"EMSdig.de - Elektrotechnik digital\",\"description\":\"Ihr Elektroniker f\u00fcr Geb\u00e4ude- &amp; Energietechnik\",\"publisher\":{\"@id\":\"https:\/\/emsdig.de\/#organization\"},\"potentialAction\":[{\"@type\":\"SearchAction\",\"target\":{\"@type\":\"EntryPoint\",\"urlTemplate\":\"https:\/\/emsdig.de\/?s={search_term_string}\"},\"query-input\":\"required name=search_term_string\"}],\"inLanguage\":\"de\"},{\"@type\":\"Organization\",\"@id\":\"https:\/\/emsdig.de\/#organization\",\"name\":\"EMSdig.de\",\"url\":\"https:\/\/emsdig.de\/\",\"logo\":{\"@type\":\"ImageObject\",\"inLanguage\":\"de\",\"@id\":\"https:\/\/emsdig.de\/#\/schema\/logo\/image\/\",\"url\":\"http:\/\/emsdig.de\/wp-content\/uploads\/2017\/10\/emsdig_de_elektrotechnik_digital.png\",\"contentUrl\":\"http:\/\/emsdig.de\/wp-content\/uploads\/2017\/10\/emsdig_de_elektrotechnik_digital.png\",\"width\":553,\"height\":210,\"caption\":\"EMSdig.de\"},\"image\":{\"@id\":\"https:\/\/emsdig.de\/#\/schema\/logo\/image\/\"},\"sameAs\":[\"https:\/\/www.youtube.com\/channel\/UCsKAYMIXb24h329db-49Z4Q\"]}]}<\/script>\n<!-- \/ Yoast SEO plugin. -->","yoast_head_json":{"title":"Hager Befestigungsadapter f\u00fcr WAGO - EMSdig.de - Elektrotechnik digital","description":"Hager Befestigungsadapter f\u00fcr WAGO Klemmen QCW1 f\u00fcr 221-202 221-203 221-205, QCW2 f\u00fcr Wago 2273-202,2273-203, 2273-204 und 2273-205","robots":{"index":"index","follow":"follow","max-snippet":"max-snippet:-1","max-image-preview":"max-image-preview:large","max-video-preview":"max-video-preview:-1"},"canonical":"https:\/\/emsdig.de\/?page_id=6510","og_locale":"de_DE","og_type":"article","og_title":"Hager Befestigungsadapter f\u00fcr WAGO - EMSdig.de - Elektrotechnik digital","og_description":"Hager Befestigungsadapter f\u00fcr WAGO Klemmen QCW1 f\u00fcr 221-202 221-203 221-205, QCW2 f\u00fcr Wago 2273-202,2273-203, 2273-204 und 2273-205","og_url":"https:\/\/emsdig.de\/?page_id=6510","og_site_name":"EMSdig.de - Elektrotechnik digital","article_modified_time":"2021-09-09T09:44:00+00:00","og_image":[{"url":"http:\/\/emsdig.de\/wp-content\/uploads\/2021\/09\/qcw4_Busklemmen-Befestigungsadapter_Hager_Wago.png"}],"twitter_card":"summary_large_image","twitter_misc":{"Gesch\u00e4tzte Lesezeit":"2\u00a0Minuten"},"schema":{"@context":"https:\/\/schema.org","@graph":[{"@type":"WebPage","@id":"https:\/\/emsdig.de\/?page_id=6510","url":"https:\/\/emsdig.de\/?page_id=6510","name":"Hager Befestigungsadapter f\u00fcr WAGO - EMSdig.de - Elektrotechnik digital","isPartOf":{"@id":"https:\/\/emsdig.de\/#website"},"datePublished":"2021-05-14T20:02:40+00:00","dateModified":"2021-09-09T09:44:00+00:00","description":"Hager Befestigungsadapter f\u00fcr WAGO Klemmen QCW1 f\u00fcr 221-202 221-203 221-205, QCW2 f\u00fcr Wago 2273-202,2273-203, 2273-204 und 2273-205","breadcrumb":{"@id":"https:\/\/emsdig.de\/?page_id=6510#breadcrumb"},"inLanguage":"de","potentialAction":[{"@type":"ReadAction","target":["https:\/\/emsdig.de\/?page_id=6510"]}]},{"@type":"BreadcrumbList","@id":"https:\/\/emsdig.de\/?page_id=6510#breadcrumb","itemListElement":[{"@type":"ListItem","position":1,"name":"Startseite","item":"https:\/\/emsdig.de\/"},{"@type":"ListItem","position":2,"name":"Hager Befestigungsadapter f\u00fcr WAGO"}]},{"@type":"WebSite","@id":"https:\/\/emsdig.de\/#website","url":"https:\/\/emsdig.de\/","name":"EMSdig.de - Elektrotechnik digital","description":"Ihr Elektroniker f\u00fcr Geb\u00e4ude- &amp; Energietechnik","publisher":{"@id":"https:\/\/emsdig.de\/#organization"},"potentialAction":[{"@type":"SearchAction","target":{"@type":"EntryPoint","urlTemplate":"https:\/\/emsdig.de\/?s={search_term_string}"},"query-input":"required name=search_term_string"}],"inLanguage":"de"},{"@type":"Organization","@id":"https:\/\/emsdig.de\/#organization","name":"EMSdig.de","url":"https:\/\/emsdig.de\/","logo":{"@type":"ImageObject","inLanguage":"de","@id":"https:\/\/emsdig.de\/#\/schema\/logo\/image\/","url":"http:\/\/emsdig.de\/wp-content\/uploads\/2017\/10\/emsdig_de_elektrotechnik_digital.png","contentUrl":"http:\/\/emsdig.de\/wp-content\/uploads\/2017\/10\/emsdig_de_elektrotechnik_digital.png","width":553,"height":210,"caption":"EMSdig.de"},"image":{"@id":"https:\/\/emsdig.de\/#\/schema\/logo\/image\/"},"sameAs":["https:\/\/www.youtube.com\/channel\/UCsKAYMIXb24h329db-49Z4Q"]}]}},"_links":{"self":[{"href":"https:\/\/emsdig.de\/index.php?rest_route=\/wp\/v2\/pages\/6510"}],"collection":[{"href":"https:\/\/emsdig.de\/index.php?rest_route=\/wp\/v2\/pages"}],"about":[{"href":"https:\/\/emsdig.de\/index.php?rest_route=\/wp\/v2\/types\/page"}],"author":[{"embeddable":true,"href":"https:\/\/emsdig.de\/index.php?rest_route=\/wp\/v2\/users\/1"}],"replies":[{"embeddable":true,"href":"https:\/\/emsdig.de\/index.php?rest_route=%2Fwp%2Fv2%2Fcomments&post=6510"}],"version-history":[{"count":7,"href":"https:\/\/emsdig.de\/index.php?rest_route=\/wp\/v2\/pages\/6510\/revisions"}],"predecessor-version":[{"id":6547,"href":"https:\/\/emsdig.de\/index.php?rest_route=\/wp\/v2\/pages\/6510\/revisions\/6547"}],"wp:attachment":[{"href":"https:\/\/emsdig.de\/index.php?rest_route=%2Fwp%2Fv2%2Fmedia&parent=6510"}],"curies":[{"name":"wp","href":"https:\/\/api.w.org\/{rel}","templated":true}]}}