{"id":705,"date":"2019-03-14T17:14:29","date_gmt":"2019-03-14T16:14:29","guid":{"rendered":"http:\/\/emsdig.de\/?page_id=705"},"modified":"2020-09-07T15:06:19","modified_gmt":"2020-09-07T14:06:19","slug":"homematic-ip-wired-dein-smarthomegefuehl","status":"publish","type":"page","link":"https:\/\/emsdig.de\/?page_id=705","title":{"rendered":"homematic"},"content":{"rendered":"<p>hier auf dieser Seite findest Sie alle unsere Dienstleistungen \u00fcber homematic ip<\/p>\n<ul>\n<li><strong>Planung einer homematic installation<\/strong>\n<ul>\n<li>Beratungsgespr\u00e4ch mit dem Bauherren<\/li>\n<li>Erstellen der Unterlagen\n<ul>\n<li>Leitungsplanung f\u00fcr homematic IP wired<\/li>\n<li>Verteilerplanung \/ Stromlaufplan<\/li>\n<li>Klemmenplan f\u00fcr den Verteiler<\/li>\n<li>Materialiste (Materialkosten der Installation)<\/li>\n<\/ul>\n<\/li>\n<li><strong>Installation deiner Smart Home Anlage<\/strong>\n<ul>\n<li>Verkn\u00fcpfung aller Ger\u00e4te<\/li>\n<li>Programmgestalltung nach Kundenwunsch<\/li>\n<li>Visualisierungen nach Kundenwunsch<\/li>\n<\/ul>\n<\/li>\n<\/ul>\n<\/li>\n<\/ul>\n<ul>\n<li><strong>Umr\u00fcstung von digitalSTROM auf homematic<\/strong><\/li>\n<li><strong>Wartung oder Erweiterung mit homematic<\/strong><\/li>\n<li><strong>Baus\u00e4tze von homematic aufbauen und pr\u00fcfen<\/strong><\/li>\n<\/ul>\n<h2>Unsere aktuellen Themen zu homematic<\/h2>\n<hr \/>\n<div class=\"display-posts-listing image-top\"><div class=\"listing-item\"><a class=\"image\" href=\"https:\/\/emsdig.de\/?p=73\"><img loading=\"lazy\" decoding=\"async\" width=\"640\" height=\"280\" src=\"https:\/\/emsdig.de\/wp-content\/uploads\/2017\/10\/smart_home_emsdig.png\" class=\"attachment-large size-large wp-post-image\" alt=\"Mein Zuhause denkt mit.\" srcset=\"https:\/\/emsdig.de\/wp-content\/uploads\/2017\/10\/smart_home_emsdig.png 640w, https:\/\/emsdig.de\/wp-content\/uploads\/2017\/10\/smart_home_emsdig-300x131.png 300w\" sizes=\"(max-width: 709px) 85vw, (max-width: 909px) 67vw, (max-width: 984px) 61vw, (max-width: 1362px) 45vw, 600px\" \/><\/a> <a class=\"title\" href=\"https:\/\/emsdig.de\/?p=73\">smart home &#8211; unser Installationsservice<\/a> <span class=\"excerpt-dash\">-<\/span> <span class=\"excerpt\">Smart Home, unser Installationsservice Mit dem Smartphone begann auch das&hellip; <span class=\"excerpt-more\"> &hellip; <a href=\"https:\/\/emsdig.de\/?p=73\" class=\"more-link\"><span class=\"screen-reader-text\">\u201esmart home &#8211; unser Installationsservice\u201c<\/span> weiterlesen<\/a><\/span><\/span><\/div><\/div>\n<hr \/>\n<h3>Links zu homematic<\/h3>\n<ul>\n<li>verdrahtet.info [<a href=\"https:\/\/www.youtube.com\/channel\/UCYh0OOdITnYFgkO_vjuvupA\" target=\"_blank\" rel=\"noopener noreferrer\">youtube<\/a>]<\/li>\n<li><a href=\"http:\/\/www.homematic-usertreffen.de\" target=\"_blank\" rel=\"noopener noreferrer\">homematice usertreffen in Kassel<\/a><\/li>\n<li>homematice ip <a href=\"https:\/\/www.youtube.com\/channel\/UCZqO0Bjkmj3Phn_-TEs3cnQ\" target=\"_blank\" rel=\"noopener noreferrer\">#smarthomegef\u00fchl<\/a><\/li>\n<li><a href=\"https:\/\/www.homematic-inside.de\/\" target=\"_blank\" rel=\"noopener noreferrer\">HomeMatice INSIDE<\/a><\/li>\n<li><a href=\"https:\/\/www.cloudmatic.de\/\" target=\"_blank\" rel=\"noopener noreferrer\">CloudMatic &#8211; by EASY SmartHome<\/a><\/li>\n<\/ul>\n","protected":false},"excerpt":{"rendered":"<p>hier auf dieser Seite findest Sie alle unsere Dienstleistungen \u00fcber homematic ip Planung einer homematic installation Beratungsgespr\u00e4ch mit dem Bauherren Erstellen der Unterlagen Leitungsplanung f\u00fcr homematic IP wired Verteilerplanung \/ Stromlaufplan Klemmenplan f\u00fcr den Verteiler Materialiste (Materialkosten der Installation) Installation deiner Smart Home Anlage Verkn\u00fcpfung aller Ger\u00e4te Programmgestalltung nach Kundenwunsch Visualisierungen nach Kundenwunsch Umr\u00fcstung von &hellip; <a href=\"https:\/\/emsdig.de\/?p=73\" class=\"more-link\"><span class=\"screen-reader-text\">\u201esmart home &#8211; unser Installationsservice\u201c<\/span> weiterlesen<\/a><\/p>\n","protected":false},"author":1,"featured_media":0,"parent":0,"menu_order":0,"comment_status":"closed","ping_status":"closed","template":"","meta":{"footnotes":""},"yoast_head":"<!-- This site is optimized with the Yoast SEO plugin v21.8 - https:\/\/yoast.com\/wordpress\/plugins\/seo\/ -->\n<title>homematic - EMSdig.de - Elektrotechnik digital<\/title>\n<meta name=\"description\" content=\"hier auf dieser Seite findest Sie alle unsere Dienstleistungen \u00fcber homematic ip, dein #smarthomegef\u00fchl (Planung \/ Umr\u00fcstung \/ Erweiterung oder Wartung)\" \/>\n<meta name=\"robots\" content=\"index, follow, max-snippet:-1, max-image-preview:large, max-video-preview:-1\" \/>\n<link rel=\"canonical\" href=\"https:\/\/emsdig.de\/?page_id=705\" \/>\n<meta property=\"og:locale\" content=\"de_DE\" \/>\n<meta property=\"og:type\" content=\"article\" \/>\n<meta property=\"og:title\" content=\"homematic - EMSdig.de - Elektrotechnik digital\" \/>\n<meta property=\"og:description\" content=\"hier auf dieser Seite findest Sie alle unsere Dienstleistungen \u00fcber homematic ip, dein #smarthomegef\u00fchl (Planung \/ Umr\u00fcstung \/ Erweiterung oder Wartung)\" \/>\n<meta property=\"og:url\" content=\"https:\/\/emsdig.de\/?page_id=705\" \/>\n<meta property=\"og:site_name\" content=\"EMSdig.de - Elektrotechnik digital\" \/>\n<meta property=\"article:modified_time\" content=\"2020-09-07T14:06:19+00:00\" \/>\n<meta name=\"twitter:card\" content=\"summary_large_image\" \/>\n<meta name=\"twitter:label1\" content=\"Gesch\u00e4tzte Lesezeit\" \/>\n\t<meta name=\"twitter:data1\" content=\"1\u00a0Minute\" \/>\n<script type=\"application\/ld+json\" class=\"yoast-schema-graph\">{\"@context\":\"https:\/\/schema.org\",\"@graph\":[{\"@type\":\"WebPage\",\"@id\":\"https:\/\/emsdig.de\/?page_id=705\",\"url\":\"https:\/\/emsdig.de\/?page_id=705\",\"name\":\"homematic - EMSdig.de - Elektrotechnik digital\",\"isPartOf\":{\"@id\":\"https:\/\/emsdig.de\/#website\"},\"datePublished\":\"2019-03-14T16:14:29+00:00\",\"dateModified\":\"2020-09-07T14:06:19+00:00\",\"description\":\"hier auf dieser Seite findest Sie alle unsere Dienstleistungen \u00fcber homematic ip, dein #smarthomegef\u00fchl (Planung \/ Umr\u00fcstung \/ Erweiterung oder Wartung)\",\"breadcrumb\":{\"@id\":\"https:\/\/emsdig.de\/?page_id=705#breadcrumb\"},\"inLanguage\":\"de\",\"potentialAction\":[{\"@type\":\"ReadAction\",\"target\":[\"https:\/\/emsdig.de\/?page_id=705\"]}]},{\"@type\":\"BreadcrumbList\",\"@id\":\"https:\/\/emsdig.de\/?page_id=705#breadcrumb\",\"itemListElement\":[{\"@type\":\"ListItem\",\"position\":1,\"name\":\"Startseite\",\"item\":\"https:\/\/emsdig.de\/\"},{\"@type\":\"ListItem\",\"position\":2,\"name\":\"homematic\"}]},{\"@type\":\"WebSite\",\"@id\":\"https:\/\/emsdig.de\/#website\",\"url\":\"https:\/\/emsdig.de\/\",\"name\":\"EMSdig.de - Elektrotechnik digital\",\"description\":\"Ihr Elektroniker f\u00fcr Geb\u00e4ude- &amp; Energietechnik\",\"publisher\":{\"@id\":\"https:\/\/emsdig.de\/#organization\"},\"potentialAction\":[{\"@type\":\"SearchAction\",\"target\":{\"@type\":\"EntryPoint\",\"urlTemplate\":\"https:\/\/emsdig.de\/?s={search_term_string}\"},\"query-input\":\"required name=search_term_string\"}],\"inLanguage\":\"de\"},{\"@type\":\"Organization\",\"@id\":\"https:\/\/emsdig.de\/#organization\",\"name\":\"EMSdig.de\",\"url\":\"https:\/\/emsdig.de\/\",\"logo\":{\"@type\":\"ImageObject\",\"inLanguage\":\"de\",\"@id\":\"https:\/\/emsdig.de\/#\/schema\/logo\/image\/\",\"url\":\"http:\/\/emsdig.de\/wp-content\/uploads\/2017\/10\/emsdig_de_elektrotechnik_digital.png\",\"contentUrl\":\"http:\/\/emsdig.de\/wp-content\/uploads\/2017\/10\/emsdig_de_elektrotechnik_digital.png\",\"width\":553,\"height\":210,\"caption\":\"EMSdig.de\"},\"image\":{\"@id\":\"https:\/\/emsdig.de\/#\/schema\/logo\/image\/\"},\"sameAs\":[\"https:\/\/www.youtube.com\/channel\/UCsKAYMIXb24h329db-49Z4Q\"]}]}<\/script>\n<!-- \/ Yoast SEO plugin. -->","yoast_head_json":{"title":"homematic - EMSdig.de - Elektrotechnik digital","description":"hier auf dieser Seite findest Sie alle unsere Dienstleistungen \u00fcber homematic ip, dein #smarthomegef\u00fchl (Planung \/ Umr\u00fcstung \/ Erweiterung oder Wartung)","robots":{"index":"index","follow":"follow","max-snippet":"max-snippet:-1","max-image-preview":"max-image-preview:large","max-video-preview":"max-video-preview:-1"},"canonical":"https:\/\/emsdig.de\/?page_id=705","og_locale":"de_DE","og_type":"article","og_title":"homematic - EMSdig.de - Elektrotechnik digital","og_description":"hier auf dieser Seite findest Sie alle unsere Dienstleistungen \u00fcber homematic ip, dein #smarthomegef\u00fchl (Planung \/ Umr\u00fcstung \/ Erweiterung oder Wartung)","og_url":"https:\/\/emsdig.de\/?page_id=705","og_site_name":"EMSdig.de - Elektrotechnik digital","article_modified_time":"2020-09-07T14:06:19+00:00","twitter_card":"summary_large_image","twitter_misc":{"Gesch\u00e4tzte Lesezeit":"1\u00a0Minute"},"schema":{"@context":"https:\/\/schema.org","@graph":[{"@type":"WebPage","@id":"https:\/\/emsdig.de\/?page_id=705","url":"https:\/\/emsdig.de\/?page_id=705","name":"homematic - EMSdig.de - Elektrotechnik digital","isPartOf":{"@id":"https:\/\/emsdig.de\/#website"},"datePublished":"2019-03-14T16:14:29+00:00","dateModified":"2020-09-07T14:06:19+00:00","description":"hier auf dieser Seite findest Sie alle unsere Dienstleistungen \u00fcber homematic ip, dein #smarthomegef\u00fchl (Planung \/ Umr\u00fcstung \/ Erweiterung oder Wartung)","breadcrumb":{"@id":"https:\/\/emsdig.de\/?page_id=705#breadcrumb"},"inLanguage":"de","potentialAction":[{"@type":"ReadAction","target":["https:\/\/emsdig.de\/?page_id=705"]}]},{"@type":"BreadcrumbList","@id":"https:\/\/emsdig.de\/?page_id=705#breadcrumb","itemListElement":[{"@type":"ListItem","position":1,"name":"Startseite","item":"https:\/\/emsdig.de\/"},{"@type":"ListItem","position":2,"name":"homematic"}]},{"@type":"WebSite","@id":"https:\/\/emsdig.de\/#website","url":"https:\/\/emsdig.de\/","name":"EMSdig.de - Elektrotechnik digital","description":"Ihr Elektroniker f\u00fcr Geb\u00e4ude- &amp; Energietechnik","publisher":{"@id":"https:\/\/emsdig.de\/#organization"},"potentialAction":[{"@type":"SearchAction","target":{"@type":"EntryPoint","urlTemplate":"https:\/\/emsdig.de\/?s={search_term_string}"},"query-input":"required name=search_term_string"}],"inLanguage":"de"},{"@type":"Organization","@id":"https:\/\/emsdig.de\/#organization","name":"EMSdig.de","url":"https:\/\/emsdig.de\/","logo":{"@type":"ImageObject","inLanguage":"de","@id":"https:\/\/emsdig.de\/#\/schema\/logo\/image\/","url":"http:\/\/emsdig.de\/wp-content\/uploads\/2017\/10\/emsdig_de_elektrotechnik_digital.png","contentUrl":"http:\/\/emsdig.de\/wp-content\/uploads\/2017\/10\/emsdig_de_elektrotechnik_digital.png","width":553,"height":210,"caption":"EMSdig.de"},"image":{"@id":"https:\/\/emsdig.de\/#\/schema\/logo\/image\/"},"sameAs":["https:\/\/www.youtube.com\/channel\/UCsKAYMIXb24h329db-49Z4Q"]}]}},"_links":{"self":[{"href":"https:\/\/emsdig.de\/index.php?rest_route=\/wp\/v2\/pages\/705"}],"collection":[{"href":"https:\/\/emsdig.de\/index.php?rest_route=\/wp\/v2\/pages"}],"about":[{"href":"https:\/\/emsdig.de\/index.php?rest_route=\/wp\/v2\/types\/page"}],"author":[{"embeddable":true,"href":"https:\/\/emsdig.de\/index.php?rest_route=\/wp\/v2\/users\/1"}],"replies":[{"embeddable":true,"href":"https:\/\/emsdig.de\/index.php?rest_route=%2Fwp%2Fv2%2Fcomments&post=705"}],"version-history":[{"count":30,"href":"https:\/\/emsdig.de\/index.php?rest_route=\/wp\/v2\/pages\/705\/revisions"}],"predecessor-version":[{"id":837,"href":"https:\/\/emsdig.de\/index.php?rest_route=\/wp\/v2\/pages\/705\/revisions\/837"}],"wp:attachment":[{"href":"https:\/\/emsdig.de\/index.php?rest_route=%2Fwp%2Fv2%2Fmedia&parent=705"}],"curies":[{"name":"wp","href":"https:\/\/api.w.org\/{rel}","templated":true}]}}